{"id":17160,"date":"2014-06-05T15:29:06","date_gmt":"2014-06-05T13:29:06","guid":{"rendered":"https:\/\/osk-kiefer.de\/ansprechpartner-contact-plant-location\/"},"modified":"2025-04-28T11:00:15","modified_gmt":"2025-04-28T09:00:15","slug":"contact-plant-location","status":"publish","type":"page","link":"https:\/\/osk-kiefer.de\/en\/contact-plant-location\/","title":{"rendered":"Contact &amp; Plant location"},"content":{"rendered":"\t\t<div data-elementor-type=\"wp-page\" data-elementor-id=\"17160\" class=\"elementor elementor-17160 elementor-14814\" data-elementor-post-type=\"page\">\n\t\t\t\t<div class=\"elementor-element elementor-element-2b566b3 e-flex e-con-boxed e-con e-parent\" data-id=\"2b566b3\" data-element_type=\"container\" data-e-type=\"container\">\n\t\t\t\t\t<div class=\"e-con-inner\">\n\t\t\t\t<div class=\"elementor-element elementor-element-98abb45 elementor-widget elementor-widget-heading\" data-id=\"98abb45\" data-element_type=\"widget\" data-e-type=\"widget\" data-widget_type=\"heading.default\">\n\t\t\t\t\t<h1 class=\"elementor-heading-title elementor-size-default\">Plant location<\/h1>\t\t\t\t<\/div>\n\t\t\t\t<div class=\"elementor-element elementor-element-ef2e36b elementor-widget elementor-widget-heading\" data-id=\"ef2e36b\" data-element_type=\"widget\" data-e-type=\"widget\" data-widget_type=\"heading.default\">\n\t\t\t\t\t<p class=\"elementor-heading-title elementor-size-default\">Juridical and economical independent plant locations in Germany<\/p>\t\t\t\t<\/div>\n\t\t\t\t\t<\/div>\n\t\t\t\t<\/div>\n\t\t<div class=\"elementor-element elementor-element-074198b e-flex e-con-boxed e-con e-parent\" data-id=\"074198b\" data-element_type=\"container\" data-e-type=\"container\">\n\t\t\t\t\t<div class=\"e-con-inner\">\n\t\t<div class=\"elementor-element elementor-element-51b06d0 e-con-full e-grid e-con e-child\" data-id=\"51b06d0\" data-element_type=\"container\" data-e-type=\"container\">\n\t\t<div class=\"elementor-element elementor-element-9bd9023 e-con-full e-flex e-con e-child\" data-id=\"9bd9023\" data-element_type=\"container\" data-e-type=\"container\">\n\t\t\t\t<div class=\"elementor-element elementor-element-7c3a916 elementor-widget elementor-widget-image\" data-id=\"7c3a916\" data-element_type=\"widget\" data-e-type=\"widget\" data-widget_type=\"image.default\">\n\t\t\t\t\t\t\t\t\t\t\t\t\t\t\t\t<a href=\"https:\/\/osk-kiefer.de\/en\/contact-plant-location\/malsch-bw\/\">\n\t\t\t\t\t\t\t<img fetchpriority=\"high\" decoding=\"async\" width=\"800\" height=\"600\" src=\"https:\/\/osk-kiefer.de\/wp-content\/uploads\/2025\/03\/malsch-s.jpg\" class=\"elementor-animation-shrink attachment-large size-large wp-image-16606\" alt=\"\" srcset=\"https:\/\/osk-kiefer.de\/wp-content\/uploads\/2025\/03\/malsch-s.jpg 800w, https:\/\/osk-kiefer.de\/wp-content\/uploads\/2025\/03\/malsch-s-300x225.jpg 300w, https:\/\/osk-kiefer.de\/wp-content\/uploads\/2025\/03\/malsch-s-768x576.jpg 768w\" sizes=\"(max-width: 800px) 100vw, 800px\" \/>\t\t\t\t\t\t\t\t<\/a>\n\t\t\t\t\t\t\t\t\t\t\t\t\t\t\t<\/div>\n\t\t\t\t<div class=\"elementor-element elementor-element-fe902d0 elementor-widget elementor-widget-text-editor\" data-id=\"fe902d0\" data-element_type=\"widget\" data-e-type=\"widget\" data-widget_type=\"text-editor.default\">\n\t\t\t\t\t\t\t\t\t<h3 style=\"text-align: center;\">Malsch<\/h3><p style=\"text-align: center;\">Daimlerstra\u00dfe 24<br>76316 Malsch<br>Phone: 07246 94541-0<br>Fax: 07246 94541-99<br><a href=\"mailto:%20osk-malsch@osk-kiefer.com\">osk-malsch@osk-kiefer.com<\/a><\/p>\t\t\t\t\t\t\t\t<\/div>\n\t\t\t\t<\/div>\n\t\t<div class=\"elementor-element elementor-element-e94dea4 e-con-full e-flex e-con e-child\" data-id=\"e94dea4\" data-element_type=\"container\" data-e-type=\"container\">\n\t\t\t\t<div class=\"elementor-element elementor-element-f663095 elementor-widget elementor-widget-image\" data-id=\"f663095\" data-element_type=\"widget\" data-e-type=\"widget\" data-widget_type=\"image.default\">\n\t\t\t\t\t\t\t\t\t\t\t\t\t\t\t\t<a href=\"https:\/\/osk-kiefer.de\/en\/contact-plant-location\/petershausen-by\/\">\n\t\t\t\t\t\t\t<img decoding=\"async\" width=\"561\" height=\"415\" src=\"https:\/\/osk-kiefer.de\/wp-content\/uploads\/2025\/03\/Standort-Petershausen.png\" class=\"elementor-animation-shrink attachment-large size-large wp-image-16724\" alt=\"\" srcset=\"https:\/\/osk-kiefer.de\/wp-content\/uploads\/2025\/03\/Standort-Petershausen.png 561w, https:\/\/osk-kiefer.de\/wp-content\/uploads\/2025\/03\/Standort-Petershausen-300x222.png 300w\" sizes=\"(max-width: 561px) 100vw, 561px\" \/>\t\t\t\t\t\t\t\t<\/a>\n\t\t\t\t\t\t\t\t\t\t\t\t\t\t\t<\/div>\n\t\t\t\t<div class=\"elementor-element elementor-element-d4e145b elementor-widget elementor-widget-text-editor\" data-id=\"d4e145b\" data-element_type=\"widget\" data-e-type=\"widget\" data-widget_type=\"text-editor.default\">\n\t\t\t\t\t\t\t\t\t<h3 style=\"text-align: center;\">Petershausen<\/h3><p style=\"text-align: center;\">G\u00f6ppertshausen 5-6<br>85238 Petershausen<br>Phone: 08137 9316-10<\/p><p style=\"text-align: center;\"><a href=\"mailto:%20osk-petershausen@osk-kiefer.com\">osk-petershausen@osk-kiefer.com<\/a><\/p>\t\t\t\t\t\t\t\t<\/div>\n\t\t\t\t<\/div>\n\t\t<div class=\"elementor-element elementor-element-990b4c7 e-con-full e-flex e-con e-child\" data-id=\"990b4c7\" data-element_type=\"container\" data-e-type=\"container\">\n\t\t\t\t<div class=\"elementor-element elementor-element-6b699f4 elementor-widget elementor-widget-image\" data-id=\"6b699f4\" data-element_type=\"widget\" data-e-type=\"widget\" data-widget_type=\"image.default\">\n\t\t\t\t\t\t\t\t\t\t\t\t\t\t\t\t<a href=\"https:\/\/osk-kiefer.de\/en\/contact-plant-location\/oppurg-th\/\">\n\t\t\t\t\t\t\t<img decoding=\"async\" width=\"561\" height=\"415\" src=\"https:\/\/osk-kiefer.de\/wp-content\/uploads\/2025\/03\/Oppburg.png\" class=\"elementor-animation-shrink attachment-large size-large wp-image-16632\" alt=\"\" srcset=\"https:\/\/osk-kiefer.de\/wp-content\/uploads\/2025\/03\/Oppburg.png 561w, https:\/\/osk-kiefer.de\/wp-content\/uploads\/2025\/03\/Oppburg-300x222.png 300w\" sizes=\"(max-width: 561px) 100vw, 561px\" \/>\t\t\t\t\t\t\t\t<\/a>\n\t\t\t\t\t\t\t\t\t\t\t\t\t\t\t<\/div>\n\t\t\t\t<div class=\"elementor-element elementor-element-fe3167f elementor-widget elementor-widget-text-editor\" data-id=\"fe3167f\" data-element_type=\"widget\" data-e-type=\"widget\" data-widget_type=\"text-editor.default\">\n\t\t\t\t\t\t\t\t\t<h3 style=\"text-align: center;\">Oppurg<\/h3><p style=\"text-align: center;\">Auf dem unteren Kreuzst\u00fcck 10<br>07381 Oppurg<br>Phone: 03647 4603-0<br>Fax: 03647 4603-11<br><a href=\"mailto:%20osk-oppurg@osk-kiefer.com\">osk-oppurg@osk-kiefer.com<\/a><\/p>\t\t\t\t\t\t\t\t<\/div>\n\t\t\t\t<\/div>\n\t\t<div class=\"elementor-element elementor-element-66a833f e-con-full e-flex e-con e-child\" data-id=\"66a833f\" data-element_type=\"container\" data-e-type=\"container\">\n\t\t\t\t<div class=\"elementor-element elementor-element-e68da4e elementor-widget elementor-widget-image\" data-id=\"e68da4e\" data-element_type=\"widget\" data-e-type=\"widget\" data-widget_type=\"image.default\">\n\t\t\t\t\t\t\t\t\t\t\t\t\t\t\t\t<a href=\"https:\/\/osk-kiefer.de\/en\/contact-plant-location\/oberhausen-nw\/\">\n\t\t\t\t\t\t\t<img loading=\"lazy\" decoding=\"async\" width=\"561\" height=\"415\" src=\"https:\/\/osk-kiefer.de\/wp-content\/uploads\/2025\/03\/Standort-Oberhausen_neu.png\" class=\"elementor-animation-shrink attachment-large size-large wp-image-16716\" alt=\"\" srcset=\"https:\/\/osk-kiefer.de\/wp-content\/uploads\/2025\/03\/Standort-Oberhausen_neu.png 561w, https:\/\/osk-kiefer.de\/wp-content\/uploads\/2025\/03\/Standort-Oberhausen_neu-300x222.png 300w\" sizes=\"(max-width: 561px) 100vw, 561px\" \/>\t\t\t\t\t\t\t\t<\/a>\n\t\t\t\t\t\t\t\t\t\t\t\t\t\t\t<\/div>\n\t\t\t\t<div class=\"elementor-element elementor-element-f3544c0 elementor-widget elementor-widget-text-editor\" data-id=\"f3544c0\" data-element_type=\"widget\" data-e-type=\"widget\" data-widget_type=\"text-editor.default\">\n\t\t\t\t\t\t\t\t\t<h3 style=\"text-align: center;\">Oberhausen<\/h3><p style=\"text-align: center;\">Max-Planck-Ring 7b<br>46049 Oberhausen<br>Phone: 0208 81065-0<br>Fax: 0208 81065-20<br><a href=\"mailto:%20osk-oberhausen@osk-kiefer.com\">osk-oberhausen@osk-kiefer.com<\/a><\/p>\t\t\t\t\t\t\t\t<\/div>\n\t\t\t\t<\/div>\n\t\t<div class=\"elementor-element elementor-element-1dca842 e-con-full e-flex e-con e-child\" data-id=\"1dca842\" data-element_type=\"container\" data-e-type=\"container\">\n\t\t\t\t<div class=\"elementor-element elementor-element-fcae1b5 elementor-widget elementor-widget-image\" data-id=\"fcae1b5\" data-element_type=\"widget\" data-e-type=\"widget\" data-widget_type=\"image.default\">\n\t\t\t\t\t\t\t\t\t\t\t\t\t\t\t\t<a href=\"https:\/\/osk-kiefer.de\/en\/contact-plant-location\/wernau-bw\/\">\n\t\t\t\t\t\t\t<img loading=\"lazy\" decoding=\"async\" width=\"561\" height=\"415\" src=\"https:\/\/osk-kiefer.de\/wp-content\/uploads\/2025\/03\/Standort-Wernau.png\" class=\"elementor-animation-shrink attachment-large size-large wp-image-16726\" alt=\"\" srcset=\"https:\/\/osk-kiefer.de\/wp-content\/uploads\/2025\/03\/Standort-Wernau.png 561w, https:\/\/osk-kiefer.de\/wp-content\/uploads\/2025\/03\/Standort-Wernau-300x222.png 300w\" sizes=\"(max-width: 561px) 100vw, 561px\" \/>\t\t\t\t\t\t\t\t<\/a>\n\t\t\t\t\t\t\t\t\t\t\t\t\t\t\t<\/div>\n\t\t\t\t<div class=\"elementor-element elementor-element-4d24b75 elementor-widget elementor-widget-text-editor\" data-id=\"4d24b75\" data-element_type=\"widget\" data-e-type=\"widget\" data-widget_type=\"text-editor.default\">\n\t\t\t\t\t\t\t\t\t<h3 style=\"text-align: center;\">Wernau<\/h3><p style=\"text-align: center;\">Antoniusstr. 23<br>73249 Wernau<br>Phone: 07153 613118-0<br>Fax: 07153 613118-9<br><a href=\"mailto:%20osk-wernau@osk-kiefer.com\">osk-wernau@osk-kiefer.com<\/a><\/p>\t\t\t\t\t\t\t\t<\/div>\n\t\t\t\t<\/div>\n\t\t<div class=\"elementor-element elementor-element-10c30bc e-con-full e-flex e-con e-child\" data-id=\"10c30bc\" data-element_type=\"container\" data-e-type=\"container\">\n\t\t\t\t<div class=\"elementor-element elementor-element-18fb976 elementor-widget elementor-widget-image\" data-id=\"18fb976\" data-element_type=\"widget\" data-e-type=\"widget\" data-widget_type=\"image.default\">\n\t\t\t\t\t\t\t\t\t\t\t\t\t\t\t\t<a href=\"https:\/\/osk-kiefer.de\/en\/contact-plant-location\/celle-ni\/\">\n\t\t\t\t\t\t\t<img loading=\"lazy\" decoding=\"async\" width=\"555\" height=\"510\" src=\"https:\/\/osk-kiefer.de\/wp-content\/uploads\/2025\/03\/osk-standort-celle.jpg\" class=\"elementor-animation-shrink attachment-large size-large wp-image-16666\" alt=\"\" srcset=\"https:\/\/osk-kiefer.de\/wp-content\/uploads\/2025\/03\/osk-standort-celle.jpg 555w, https:\/\/osk-kiefer.de\/wp-content\/uploads\/2025\/03\/osk-standort-celle-300x276.jpg 300w\" sizes=\"(max-width: 555px) 100vw, 555px\" \/>\t\t\t\t\t\t\t\t<\/a>\n\t\t\t\t\t\t\t\t\t\t\t\t\t\t\t<\/div>\n\t\t\t\t<div class=\"elementor-element elementor-element-6919c8c elementor-widget elementor-widget-text-editor\" data-id=\"6919c8c\" data-element_type=\"widget\" data-e-type=\"widget\" data-widget_type=\"text-editor.default\">\n\t\t\t\t\t\t\t\t\t<h3 style=\"text-align: center;\">Celle<\/h3><p style=\"text-align: center;\">Winkelmanns Graft 2A<br>29227 Celle<br>Phone: 05141 98077-0<br>Fax: 05141 98077-29<br><a href=\"mailto:osk-celle@osk-kiefer.com\">osk-celle@osk-kiefer.com<\/a><\/p>\t\t\t\t\t\t\t\t<\/div>\n\t\t\t\t<\/div>\n\t\t\t\t<\/div>\n\t\t\t\t\t<\/div>\n\t\t\t\t<\/div>\n\t\t\t\t<\/div>\n\t\t","protected":false},"excerpt":{"rendered":"<p>Plant location Juridical and economical independent plant locations in Germany Malsch Daimlerstra\u00dfe 2476316 MalschPhone: 07246 94541-0Fax: 07246 94541-99osk-malsch@osk-kiefer.com Petershausen G\u00f6ppertshausen 5-685238 PetershausenPhone: 08137 9316-10 osk-petershausen@osk-kiefer.com Oppurg Auf dem unteren Kreuzst\u00fcck 1007381 OppurgPhone: 03647 4603-0Fax: 03647 4603-11osk-oppurg@osk-kiefer.com Oberhausen Max-Planck-Ring 7b46049 OberhausenPhone: 0208 81065-0Fax: 0208 81065-20osk-oberhausen@osk-kiefer.com Wernau Antoniusstr. 2373249 WernauPhone: 07153 613118-0Fax: 07153 613118-9osk-wernau@osk-kiefer.com Celle Winkelmanns Graft [&hellip;]<\/p>\n","protected":false},"author":2,"featured_media":16523,"parent":0,"menu_order":31,"comment_status":"closed","ping_status":"closed","template":"","meta":{"_acf_changed":false,"footnotes":""},"class_list":["post-17160","page","type-page","status-publish","has-post-thumbnail","hentry"],"acf":[],"yoast_head":"<!-- This site is optimized with the Yoast SEO plugin v27.2 - https:\/\/yoast.com\/product\/yoast-seo-wordpress\/ -->\n<title>Contact &amp; Plant location - OSK Kiefer GmbH<\/title>\n<meta name=\"robots\" content=\"index, follow, max-snippet:-1, max-image-preview:large, max-video-preview:-1\" \/>\n<link rel=\"canonical\" href=\"https:\/\/osk-kiefer.de\/en\/contact-plant-location\/\" \/>\n<meta property=\"og:locale\" content=\"en_US\" \/>\n<meta property=\"og:type\" content=\"article\" \/>\n<meta property=\"og:title\" content=\"Contact &amp; Plant location - OSK Kiefer GmbH\" \/>\n<meta property=\"og:description\" content=\"Plant location Juridical and economical independent plant locations in Germany Malsch Daimlerstra\u00dfe 2476316 MalschPhone: 07246 94541-0Fax: 07246 94541-99osk-malsch@osk-kiefer.com Petershausen G\u00f6ppertshausen 5-685238 PetershausenPhone: 08137 9316-10 osk-petershausen@osk-kiefer.com Oppurg Auf dem unteren Kreuzst\u00fcck 1007381 OppurgPhone: 03647 4603-0Fax: 03647 4603-11osk-oppurg@osk-kiefer.com Oberhausen Max-Planck-Ring 7b46049 OberhausenPhone: 0208 81065-0Fax: 0208 81065-20osk-oberhausen@osk-kiefer.com Wernau Antoniusstr. 2373249 WernauPhone: 07153 613118-0Fax: 07153 613118-9osk-wernau@osk-kiefer.com Celle Winkelmanns Graft [&hellip;]\" \/>\n<meta property=\"og:url\" content=\"https:\/\/osk-kiefer.de\/en\/contact-plant-location\/\" \/>\n<meta property=\"og:site_name\" content=\"OSK Kiefer GmbH\" \/>\n<meta property=\"article:modified_time\" content=\"2025-04-28T09:00:15+00:00\" \/>\n<meta property=\"og:image\" content=\"https:\/\/osk-kiefer.de\/wp-content\/uploads\/2025\/03\/Fotolia_47596378_Subscription_Yearly_XXL-1-scaled.jpg\" \/>\n\t<meta property=\"og:image:width\" content=\"2560\" \/>\n\t<meta property=\"og:image:height\" content=\"1599\" \/>\n\t<meta property=\"og:image:type\" content=\"image\/jpeg\" \/>\n<meta name=\"twitter:card\" content=\"summary_large_image\" \/>\n<meta name=\"twitter:label1\" content=\"Est. reading time\" \/>\n\t<meta name=\"twitter:data1\" content=\"2 minutes\" \/>\n<script type=\"application\/ld+json\" class=\"yoast-schema-graph\">{\"@context\":\"https:\/\/schema.org\",\"@graph\":[{\"@type\":\"WebPage\",\"@id\":\"https:\/\/osk-kiefer.de\/en\/contact-plant-location\/\",\"url\":\"https:\/\/osk-kiefer.de\/en\/contact-plant-location\/\",\"name\":\"Contact &amp; Plant location - OSK Kiefer GmbH\",\"isPartOf\":{\"@id\":\"https:\/\/osk-kiefer.de\/en\/#website\"},\"primaryImageOfPage\":{\"@id\":\"https:\/\/osk-kiefer.de\/en\/contact-plant-location\/#primaryimage\"},\"image\":{\"@id\":\"https:\/\/osk-kiefer.de\/en\/contact-plant-location\/#primaryimage\"},\"thumbnailUrl\":\"https:\/\/osk-kiefer.de\/wp-content\/uploads\/2025\/03\/Fotolia_47596378_Subscription_Yearly_XXL-1-scaled.jpg\",\"datePublished\":\"2014-06-05T13:29:06+00:00\",\"dateModified\":\"2025-04-28T09:00:15+00:00\",\"breadcrumb\":{\"@id\":\"https:\/\/osk-kiefer.de\/en\/contact-plant-location\/#breadcrumb\"},\"inLanguage\":\"en-US\",\"potentialAction\":[{\"@type\":\"ReadAction\",\"target\":[\"https:\/\/osk-kiefer.de\/en\/contact-plant-location\/\"]}]},{\"@type\":\"ImageObject\",\"inLanguage\":\"en-US\",\"@id\":\"https:\/\/osk-kiefer.de\/en\/contact-plant-location\/#primaryimage\",\"url\":\"https:\/\/osk-kiefer.de\/wp-content\/uploads\/2025\/03\/Fotolia_47596378_Subscription_Yearly_XXL-1-scaled.jpg\",\"contentUrl\":\"https:\/\/osk-kiefer.de\/wp-content\/uploads\/2025\/03\/Fotolia_47596378_Subscription_Yearly_XXL-1-scaled.jpg\",\"width\":2560,\"height\":1599},{\"@type\":\"BreadcrumbList\",\"@id\":\"https:\/\/osk-kiefer.de\/en\/contact-plant-location\/#breadcrumb\",\"itemListElement\":[{\"@type\":\"ListItem\",\"position\":1,\"name\":\"Home\",\"item\":\"https:\/\/osk-kiefer.de\/en\/\"},{\"@type\":\"ListItem\",\"position\":2,\"name\":\"Contact &amp; Plant location\"}]},{\"@type\":\"WebSite\",\"@id\":\"https:\/\/osk-kiefer.de\/en\/#website\",\"url\":\"https:\/\/osk-kiefer.de\/en\/\",\"name\":\"OSK Kiefer GmbH\",\"description\":\"Oberfl\u00e4chen-und Strahltechnik\",\"publisher\":{\"@id\":\"https:\/\/osk-kiefer.de\/en\/#organization\"},\"potentialAction\":[{\"@type\":\"SearchAction\",\"target\":{\"@type\":\"EntryPoint\",\"urlTemplate\":\"https:\/\/osk-kiefer.de\/en\/?s={search_term_string}\"},\"query-input\":{\"@type\":\"PropertyValueSpecification\",\"valueRequired\":true,\"valueName\":\"search_term_string\"}}],\"inLanguage\":\"en-US\"},{\"@type\":\"Organization\",\"@id\":\"https:\/\/osk-kiefer.de\/en\/#organization\",\"name\":\"OSK Kiefer GmbH\",\"url\":\"https:\/\/osk-kiefer.de\/en\/\",\"logo\":{\"@type\":\"ImageObject\",\"inLanguage\":\"en-US\",\"@id\":\"https:\/\/osk-kiefer.de\/en\/#\/schema\/logo\/image\/\",\"url\":\"https:\/\/osk-kiefer.de\/wp-content\/uploads\/2023\/08\/Logo.svg\",\"contentUrl\":\"https:\/\/osk-kiefer.de\/wp-content\/uploads\/2023\/08\/Logo.svg\",\"width\":400,\"height\":79,\"caption\":\"OSK Kiefer GmbH\"},\"image\":{\"@id\":\"https:\/\/osk-kiefer.de\/en\/#\/schema\/logo\/image\/\"}}]}<\/script>\n<!-- \/ Yoast SEO plugin. -->","yoast_head_json":{"title":"Contact &amp; Plant location - OSK Kiefer GmbH","robots":{"index":"index","follow":"follow","max-snippet":"max-snippet:-1","max-image-preview":"max-image-preview:large","max-video-preview":"max-video-preview:-1"},"canonical":"https:\/\/osk-kiefer.de\/en\/contact-plant-location\/","og_locale":"en_US","og_type":"article","og_title":"Contact &amp; Plant location - OSK Kiefer GmbH","og_description":"Plant location Juridical and economical independent plant locations in Germany Malsch Daimlerstra\u00dfe 2476316 MalschPhone: 07246 94541-0Fax: 07246 94541-99osk-malsch@osk-kiefer.com Petershausen G\u00f6ppertshausen 5-685238 PetershausenPhone: 08137 9316-10 osk-petershausen@osk-kiefer.com Oppurg Auf dem unteren Kreuzst\u00fcck 1007381 OppurgPhone: 03647 4603-0Fax: 03647 4603-11osk-oppurg@osk-kiefer.com Oberhausen Max-Planck-Ring 7b46049 OberhausenPhone: 0208 81065-0Fax: 0208 81065-20osk-oberhausen@osk-kiefer.com Wernau Antoniusstr. 2373249 WernauPhone: 07153 613118-0Fax: 07153 613118-9osk-wernau@osk-kiefer.com Celle Winkelmanns Graft [&hellip;]","og_url":"https:\/\/osk-kiefer.de\/en\/contact-plant-location\/","og_site_name":"OSK Kiefer GmbH","article_modified_time":"2025-04-28T09:00:15+00:00","og_image":[{"width":2560,"height":1599,"url":"https:\/\/osk-kiefer.de\/wp-content\/uploads\/2025\/03\/Fotolia_47596378_Subscription_Yearly_XXL-1-scaled.jpg","type":"image\/jpeg"}],"twitter_card":"summary_large_image","twitter_misc":{"Est. reading time":"2 minutes"},"schema":{"@context":"https:\/\/schema.org","@graph":[{"@type":"WebPage","@id":"https:\/\/osk-kiefer.de\/en\/contact-plant-location\/","url":"https:\/\/osk-kiefer.de\/en\/contact-plant-location\/","name":"Contact &amp; Plant location - OSK Kiefer GmbH","isPartOf":{"@id":"https:\/\/osk-kiefer.de\/en\/#website"},"primaryImageOfPage":{"@id":"https:\/\/osk-kiefer.de\/en\/contact-plant-location\/#primaryimage"},"image":{"@id":"https:\/\/osk-kiefer.de\/en\/contact-plant-location\/#primaryimage"},"thumbnailUrl":"https:\/\/osk-kiefer.de\/wp-content\/uploads\/2025\/03\/Fotolia_47596378_Subscription_Yearly_XXL-1-scaled.jpg","datePublished":"2014-06-05T13:29:06+00:00","dateModified":"2025-04-28T09:00:15+00:00","breadcrumb":{"@id":"https:\/\/osk-kiefer.de\/en\/contact-plant-location\/#breadcrumb"},"inLanguage":"en-US","potentialAction":[{"@type":"ReadAction","target":["https:\/\/osk-kiefer.de\/en\/contact-plant-location\/"]}]},{"@type":"ImageObject","inLanguage":"en-US","@id":"https:\/\/osk-kiefer.de\/en\/contact-plant-location\/#primaryimage","url":"https:\/\/osk-kiefer.de\/wp-content\/uploads\/2025\/03\/Fotolia_47596378_Subscription_Yearly_XXL-1-scaled.jpg","contentUrl":"https:\/\/osk-kiefer.de\/wp-content\/uploads\/2025\/03\/Fotolia_47596378_Subscription_Yearly_XXL-1-scaled.jpg","width":2560,"height":1599},{"@type":"BreadcrumbList","@id":"https:\/\/osk-kiefer.de\/en\/contact-plant-location\/#breadcrumb","itemListElement":[{"@type":"ListItem","position":1,"name":"Home","item":"https:\/\/osk-kiefer.de\/en\/"},{"@type":"ListItem","position":2,"name":"Contact &amp; Plant location"}]},{"@type":"WebSite","@id":"https:\/\/osk-kiefer.de\/en\/#website","url":"https:\/\/osk-kiefer.de\/en\/","name":"OSK Kiefer GmbH","description":"Oberfl\u00e4chen-und Strahltechnik","publisher":{"@id":"https:\/\/osk-kiefer.de\/en\/#organization"},"potentialAction":[{"@type":"SearchAction","target":{"@type":"EntryPoint","urlTemplate":"https:\/\/osk-kiefer.de\/en\/?s={search_term_string}"},"query-input":{"@type":"PropertyValueSpecification","valueRequired":true,"valueName":"search_term_string"}}],"inLanguage":"en-US"},{"@type":"Organization","@id":"https:\/\/osk-kiefer.de\/en\/#organization","name":"OSK Kiefer GmbH","url":"https:\/\/osk-kiefer.de\/en\/","logo":{"@type":"ImageObject","inLanguage":"en-US","@id":"https:\/\/osk-kiefer.de\/en\/#\/schema\/logo\/image\/","url":"https:\/\/osk-kiefer.de\/wp-content\/uploads\/2023\/08\/Logo.svg","contentUrl":"https:\/\/osk-kiefer.de\/wp-content\/uploads\/2023\/08\/Logo.svg","width":400,"height":79,"caption":"OSK Kiefer GmbH"},"image":{"@id":"https:\/\/osk-kiefer.de\/en\/#\/schema\/logo\/image\/"}}]}},"_links":{"self":[{"href":"https:\/\/osk-kiefer.de\/en\/wp-json\/wp\/v2\/pages\/17160","targetHints":{"allow":["GET"]}}],"collection":[{"href":"https:\/\/osk-kiefer.de\/en\/wp-json\/wp\/v2\/pages"}],"about":[{"href":"https:\/\/osk-kiefer.de\/en\/wp-json\/wp\/v2\/types\/page"}],"author":[{"embeddable":true,"href":"https:\/\/osk-kiefer.de\/en\/wp-json\/wp\/v2\/users\/2"}],"replies":[{"embeddable":true,"href":"https:\/\/osk-kiefer.de\/en\/wp-json\/wp\/v2\/comments?post=17160"}],"version-history":[{"count":11,"href":"https:\/\/osk-kiefer.de\/en\/wp-json\/wp\/v2\/pages\/17160\/revisions"}],"predecessor-version":[{"id":18316,"href":"https:\/\/osk-kiefer.de\/en\/wp-json\/wp\/v2\/pages\/17160\/revisions\/18316"}],"wp:featuredmedia":[{"embeddable":true,"href":"https:\/\/osk-kiefer.de\/en\/wp-json\/wp\/v2\/media\/16523"}],"wp:attachment":[{"href":"https:\/\/osk-kiefer.de\/en\/wp-json\/wp\/v2\/media?parent=17160"}],"curies":[{"name":"wp","href":"https:\/\/api.w.org\/{rel}","templated":true}]}}