{"id":17293,"date":"2014-06-05T15:31:31","date_gmt":"2014-06-05T13:31:31","guid":{"rendered":"https:\/\/osk-kiefer.de\/company\/"},"modified":"2025-03-31T09:03:54","modified_gmt":"2025-03-31T07:03:54","slug":"company","status":"publish","type":"page","link":"https:\/\/osk-kiefer.de\/en\/company\/","title":{"rendered":"Company"},"content":{"rendered":"\t\t<div data-elementor-type=\"wp-page\" data-elementor-id=\"17293\" class=\"elementor elementor-17293 elementor-14820\" data-elementor-post-type=\"page\">\n\t\t\t\t<div class=\"elementor-element elementor-element-7b8696b e-flex e-con-boxed e-con e-parent\" data-id=\"7b8696b\" data-element_type=\"container\" data-e-type=\"container\">\n\t\t\t\t\t<div class=\"e-con-inner\">\n\t\t\t\t<div class=\"elementor-element elementor-element-1b68b68 elementor-widget elementor-widget-heading\" data-id=\"1b68b68\" data-element_type=\"widget\" data-e-type=\"widget\" data-widget_type=\"heading.default\">\n\t\t\t\t\t<h1 class=\"elementor-heading-title elementor-size-default\">Chronik der Firma OSK-Kiefer GmbH Oberfl\u00e4chen- &amp; Strahltechnik<\/h1>\t\t\t\t<\/div>\n\t\t\t\t<div class=\"elementor-element elementor-element-ad6c759 bullet-list elementor-widget elementor-widget-text-editor\" data-id=\"ad6c759\" data-element_type=\"widget\" data-e-type=\"widget\" data-widget_type=\"text-editor.default\">\n\t\t\t\t\t\t\t\t\t<p class=\"intro-text\">OSK-Kiefer GmbH hat sich auf die Ausf\u00fchrung von Verfestigungsstrahlarbeiten (Shot Peening) im Lohnauftrag unter reproduzierbaren Bedingungen sowie auf alle weiteren Anwendungen in der Strahltechnik spezialisiert.<\/p>\t\t\t\t\t\t\t\t<\/div>\n\t\t\t\t\t<\/div>\n\t\t\t\t<\/div>\n\t\t<div class=\"elementor-element elementor-element-3a517ed e-flex e-con-boxed e-con e-parent\" data-id=\"3a517ed\" data-element_type=\"container\" data-e-type=\"container\" data-settings=\"{&quot;background_background&quot;:&quot;classic&quot;}\">\n\t\t\t\t\t<div class=\"e-con-inner\">\n\t\t<div class=\"elementor-element elementor-element-d316ae1 e-con-full e-flex e-con e-child\" data-id=\"d316ae1\" data-element_type=\"container\" data-e-type=\"container\">\n\t\t\t\t<div class=\"elementor-element elementor-element-81de46d bullet-list elementor-widget elementor-widget-text-editor\" data-id=\"81de46d\" data-element_type=\"widget\" data-e-type=\"widget\" data-widget_type=\"text-editor.default\">\n\t\t\t\t\t\t\t\t\t<p>Im Jahr 2009 wurde zus\u00e4tzlich am Standort Petershausen das Gleitschleifen in die Produktion integriert. Die Standorte sind rechtlich und wirtschaftlich selbst\u00e4ndig. Jeder Standort besch\u00e4ftigt ca. 30 Mitarbeiter.  <\/p><p>Alle Standorte sind personell, maschinell, r\u00e4umlich und organisatorisch vergleichbar ausgestattet und haben sich auf die Oberfl\u00e4chenbehandlung mittels Strahlmittel und durch Gleitschleifen im Lohnauftrag spezialisiert.<\/p><p>Darunter fallen:<\/p><ul><li>Druckluft-Strahlanlagen (Gravitationssystem)<\/li><li>Druckluft-Strahlanlagen (Drucksystem)<\/li><li>Druckluft-Strahlanlagen (Injektorsystem)<\/li><li>Schleuder-Strahlanlagen<\/li><\/ul><p>in unterschiedlichen Ausf\u00fchrungen.<\/p><p>Die einheitliche Ausstattung der Standorte gew\u00e4hrleistet in allen Notfallsituationen die Lieferf\u00e4higkeit aller Standorte. Trotzdem arbeiten die Standorte eigenst\u00e4ndig. Motivation, Innovation und Erfahrungsaustausch der einzelnen Betriebe untereinander verbessert Qualit\u00e4t und Leistung zum Vorteil unserer Kunden. Aus qualitativen Gr\u00fcnden bevorzugen alle Standorte, soweit dies wirtschaftlich vertretbar ist, Druckluft-Strahlanlagen (Gravitationssystem) der Modellreihe &#8220;Gravi&#8221;, bei der das Strahlmittel den Strahld\u00fcsen durch Saug- und Gravitationskr\u00e4fte zugef\u00fchrt wird.   <\/p><h4>Unsere namhaften Kunden sind Hersteller von:<\/h4><p>Fahrzeugen, Getrieben und Antriebselementen, landwirtschaftlichen Ger\u00e4ten, Flugger\u00e4ten, chemischen Apparaten, Kompressoren und Pumpen, Dampf- und Gasturbinen, pneumatischen und elektrischen Werkzeugen, Tiefbohrausr\u00fcstungen und allgemeinen Maschinenbauteilen.<\/p><p>OSK-Kiefer GmbH<br>Oberfl\u00e4chen- &amp; Strahltechnik<\/p>\t\t\t\t\t\t\t\t<\/div>\n\t\t\t\t<\/div>\n\t\t\t\t\t<\/div>\n\t\t\t\t<\/div>\n\t\t<div class=\"elementor-element elementor-element-fe8fb68 e-flex e-con-boxed e-con e-parent\" data-id=\"fe8fb68\" data-element_type=\"container\" data-e-type=\"container\">\n\t\t\t\t\t<div class=\"e-con-inner\">\n\t\t\t\t<div class=\"elementor-element elementor-element-b532be5 elementor-widget elementor-widget-timeline-widget-addon\" data-id=\"b532be5\" data-element_type=\"widget\" data-e-type=\"widget\" data-widget_type=\"timeline-widget-addon.default\">\n\t\t\t\t<div class=\"elementor-widget-container\">\n\t\t\t\t\t<!-- ========= Timeline Widget Addon For Elementor 1.6.23 ========= -->\n<div id=\"twae-wrapper-b532be5\" class=\"twae-vertical twae-wrapper  twae-both-sided\">   \n    <div class=\"twae-start\"><\/div>    \n    <div id=\"twea-timeline-b532be5\" class=\"twae-timeline\" ><!-- Start of Story Repeater Content --><div id=\"story-1e10809\" class=\"twae-story twae-repeater-item twae-story-right twae-story-no-icon\"><!-- Story Label --><div class=\"twae-labels\"><div class=\"twae-label-big\">2012<\/div><\/div><!-- Story Icon --><div class=\"twae-icon\"><svg aria-hidden=\"true\" class=\"e-font-icon-svg e-fas-dot-circle\" viewBox=\"0 0 512 512\" xmlns=\"http:\/\/www.w3.org\/2000\/svg\"><path d=\"M256 8C119.033 8 8 119.033 8 256s111.033 248 248 248 248-111.033 248-248S392.967 8 256 8zm80 248c0 44.112-35.888 80-80 80s-80-35.888-80-80 35.888-80 80-80 80 35.888 80 80z\"><\/path><\/svg><\/div><!-- Story Arrow --><div class=\"twae-arrow\"><\/div><!-- Start of Story Content --><div class=\"twae-content\"><!-- Story Title --><div class=\"twae-title\">Gr\u00fcndung des Standorts in 29227 Celle<\/div><!-- Story Image --><div class=\"twae-media large\"><img fetchpriority=\"high\" decoding=\"async\" width=\"555\" height=\"510\" src=\"https:\/\/osk-kiefer.de\/wp-content\/uploads\/2025\/03\/osk-standort-celle.jpg\" class=\"attachment-large size-large\" alt=\"\" srcset=\"https:\/\/osk-kiefer.de\/wp-content\/uploads\/2025\/03\/osk-standort-celle.jpg 555w, https:\/\/osk-kiefer.de\/wp-content\/uploads\/2025\/03\/osk-standort-celle-300x276.jpg 300w\" sizes=\"(max-width: 555px) 100vw, 555px\" \/><\/div><\/div><\/div><!-- Start of Story Repeater Content --><div id=\"story-0627839\" class=\"twae-story twae-repeater-item twae-story-left twae-story-no-icon\"><!-- Story Label --><div class=\"twae-labels\"><div class=\"twae-label-big\">2008<\/div><\/div><!-- Story Icon --><div class=\"twae-icon\"><svg aria-hidden=\"true\" class=\"e-font-icon-svg e-fas-dot-circle\" viewBox=\"0 0 512 512\" xmlns=\"http:\/\/www.w3.org\/2000\/svg\"><path d=\"M256 8C119.033 8 8 119.033 8 256s111.033 248 248 248 248-111.033 248-248S392.967 8 256 8zm80 248c0 44.112-35.888 80-80 80s-80-35.888-80-80 35.888-80 80-80 80 35.888 80 80z\"><\/path><\/svg><\/div><!-- Story Arrow --><div class=\"twae-arrow\"><\/div><!-- Start of Story Content --><div class=\"twae-content\"><!-- Story Title --><div class=\"twae-title\">Produktionsbereitschaft des Standortes in 73249 Wernau<\/div><!-- Story Image --><div class=\"twae-media large\"><img decoding=\"async\" width=\"561\" height=\"415\" src=\"https:\/\/osk-kiefer.de\/wp-content\/uploads\/2025\/03\/Standort-Wernau.png\" class=\"attachment-large size-large\" alt=\"\" srcset=\"https:\/\/osk-kiefer.de\/wp-content\/uploads\/2025\/03\/Standort-Wernau.png 561w, https:\/\/osk-kiefer.de\/wp-content\/uploads\/2025\/03\/Standort-Wernau-300x222.png 300w\" sizes=\"(max-width: 561px) 100vw, 561px\" \/><\/div><\/div><\/div><!-- Start of Story Repeater Content --><div id=\"story-639fe8b\" class=\"twae-story twae-repeater-item twae-story-right twae-story-no-icon\"><!-- Story Label --><div class=\"twae-labels\"><div class=\"twae-label-big\">2001<\/div><\/div><!-- Story Icon --><div class=\"twae-icon\"><svg aria-hidden=\"true\" class=\"e-font-icon-svg e-fas-dot-circle\" viewBox=\"0 0 512 512\" xmlns=\"http:\/\/www.w3.org\/2000\/svg\"><path d=\"M256 8C119.033 8 8 119.033 8 256s111.033 248 248 248 248-111.033 248-248S392.967 8 256 8zm80 248c0 44.112-35.888 80-80 80s-80-35.888-80-80 35.888-80 80-80 80 35.888 80 80z\"><\/path><\/svg><\/div><!-- Story Arrow --><div class=\"twae-arrow\"><\/div><!-- Start of Story Content --><div class=\"twae-content\"><!-- Story Title --><div class=\"twae-title\">Der Standort in 46049 Oberhausen geht in Betrieb <\/div><!-- Story Image --><div class=\"twae-media large\"><img decoding=\"async\" width=\"561\" height=\"415\" src=\"https:\/\/osk-kiefer.de\/wp-content\/uploads\/2025\/03\/Standort-Oberhausen_neu.png\" class=\"attachment-large size-large\" alt=\"\" srcset=\"https:\/\/osk-kiefer.de\/wp-content\/uploads\/2025\/03\/Standort-Oberhausen_neu.png 561w, https:\/\/osk-kiefer.de\/wp-content\/uploads\/2025\/03\/Standort-Oberhausen_neu-300x222.png 300w\" sizes=\"(max-width: 561px) 100vw, 561px\" \/><\/div><\/div><\/div><!-- Start of Story Repeater Content --><div id=\"story-6bb6826\" class=\"twae-story twae-repeater-item twae-story-left twae-story-no-icon\"><!-- Story Label --><div class=\"twae-labels\"><div class=\"twae-label-big\">1995<\/div><\/div><!-- Story Icon --><div class=\"twae-icon\"><svg aria-hidden=\"true\" class=\"e-font-icon-svg e-fas-dot-circle\" viewBox=\"0 0 512 512\" xmlns=\"http:\/\/www.w3.org\/2000\/svg\"><path d=\"M256 8C119.033 8 8 119.033 8 256s111.033 248 248 248 248-111.033 248-248S392.967 8 256 8zm80 248c0 44.112-35.888 80-80 80s-80-35.888-80-80 35.888-80 80-80 80 35.888 80 80z\"><\/path><\/svg><\/div><!-- Story Arrow --><div class=\"twae-arrow\"><\/div><!-- Start of Story Content --><div class=\"twae-content\"><!-- Story Title --><div class=\"twae-title\">Gr\u00fcndung des Standort in 07381 Oppurg<\/div><!-- Story Image --><div class=\"twae-media large\"><img loading=\"lazy\" decoding=\"async\" width=\"561\" height=\"415\" src=\"https:\/\/osk-kiefer.de\/wp-content\/uploads\/2025\/03\/Standort-Oppurg-Test.jpg\" class=\"attachment-large size-large\" alt=\"\" srcset=\"https:\/\/osk-kiefer.de\/wp-content\/uploads\/2025\/03\/Standort-Oppurg-Test.jpg 561w, https:\/\/osk-kiefer.de\/wp-content\/uploads\/2025\/03\/Standort-Oppurg-Test-300x222.jpg 300w\" sizes=\"(max-width: 561px) 100vw, 561px\" \/><\/div><\/div><\/div><!-- Start of Story Repeater Content --><div id=\"story-7a6068a\" class=\"twae-story twae-repeater-item twae-story-right twae-story-no-icon\"><!-- Story Label --><div class=\"twae-labels\"><div class=\"twae-label-big\">1986<\/div><\/div><!-- Story Icon --><div class=\"twae-icon\"><svg aria-hidden=\"true\" class=\"e-font-icon-svg e-fas-dot-circle\" viewBox=\"0 0 512 512\" xmlns=\"http:\/\/www.w3.org\/2000\/svg\"><path d=\"M256 8C119.033 8 8 119.033 8 256s111.033 248 248 248 248-111.033 248-248S392.967 8 256 8zm80 248c0 44.112-35.888 80-80 80s-80-35.888-80-80 35.888-80 80-80 80 35.888 80 80z\"><\/path><\/svg><\/div><!-- Story Arrow --><div class=\"twae-arrow\"><\/div><!-- Start of Story Content --><div class=\"twae-content\"><!-- Story Title --><div class=\"twae-title\"> Es folgt der Standort in 85238 Petershausen<\/div><!-- Story Image --><div class=\"twae-media large\"><img loading=\"lazy\" decoding=\"async\" width=\"561\" height=\"415\" src=\"https:\/\/osk-kiefer.de\/wp-content\/uploads\/2025\/03\/Standort-Petershausen.png\" class=\"attachment-large size-large\" alt=\"\" srcset=\"https:\/\/osk-kiefer.de\/wp-content\/uploads\/2025\/03\/Standort-Petershausen.png 561w, https:\/\/osk-kiefer.de\/wp-content\/uploads\/2025\/03\/Standort-Petershausen-300x222.png 300w\" sizes=\"(max-width: 561px) 100vw, 561px\" \/><\/div><\/div><\/div><!-- Start of Story Repeater Content --><div id=\"story-f1a1cd6\" class=\"twae-story twae-repeater-item twae-story-left twae-story-no-icon\"><!-- Story Label --><div class=\"twae-labels\"><div class=\"twae-label-big\">1984<\/div><\/div><!-- Story Icon --><div class=\"twae-icon\"><svg aria-hidden=\"true\" class=\"e-font-icon-svg e-fas-dot-circle\" viewBox=\"0 0 512 512\" xmlns=\"http:\/\/www.w3.org\/2000\/svg\"><path d=\"M256 8C119.033 8 8 119.033 8 256s111.033 248 248 248 248-111.033 248-248S392.967 8 256 8zm80 248c0 44.112-35.888 80-80 80s-80-35.888-80-80 35.888-80 80-80 80 35.888 80 80z\"><\/path><\/svg><\/div><!-- Story Arrow --><div class=\"twae-arrow\"><\/div><!-- Start of Story Content --><div class=\"twae-content\"><!-- Story Title --><div class=\"twae-title\">Der Standort in 76316 Malsch (vormals Ettlingen) wird gegr\u00fcndet<\/div><!-- Story Image --><div class=\"twae-media large\"><img loading=\"lazy\" decoding=\"async\" width=\"800\" height=\"600\" src=\"https:\/\/osk-kiefer.de\/wp-content\/uploads\/2025\/03\/malsch-s.jpg\" class=\"attachment-large size-large\" alt=\"\" srcset=\"https:\/\/osk-kiefer.de\/wp-content\/uploads\/2025\/03\/malsch-s.jpg 800w, https:\/\/osk-kiefer.de\/wp-content\/uploads\/2025\/03\/malsch-s-300x225.jpg 300w, https:\/\/osk-kiefer.de\/wp-content\/uploads\/2025\/03\/malsch-s-768x576.jpg 768w\" sizes=\"(max-width: 800px) 100vw, 800px\" \/><\/div><\/div><\/div><\/div>\n    <div class=\"twae-end\"><\/div>\n    <\/div><style type=\"text\/css\">@media (max-width: 1024px){ .twae-wrapper{--tw-ybx-size: 80px !important;}}@media (max-width: 767px){ .twae-wrapper{--tw-ybx-size: 80px !important}}<\/style>\t\t\t\t<\/div>\n\t\t\t\t<\/div>\n\t\t\t\t\t<\/div>\n\t\t\t\t<\/div>\n\t\t\t\t<\/div>\n\t\t","protected":false},"excerpt":{"rendered":"<p>Chronik der Firma OSK-Kiefer GmbH Oberfl\u00e4chen- &amp; Strahltechnik OSK-Kiefer GmbH hat sich auf die Ausf\u00fchrung von Verfestigungsstrahlarbeiten (Shot Peening) im Lohnauftrag unter reproduzierbaren Bedingungen sowie auf alle weiteren Anwendungen in der Strahltechnik spezialisiert. Im Jahr 2009 wurde zus\u00e4tzlich am Standort Petershausen das Gleitschleifen in die Produktion integriert. Die Standorte sind rechtlich und wirtschaftlich selbst\u00e4ndig. Jeder [&hellip;]<\/p>\n","protected":false},"author":2,"featured_media":16523,"parent":0,"menu_order":11,"comment_status":"closed","ping_status":"closed","template":"","meta":{"_acf_changed":false,"footnotes":""},"class_list":["post-17293","page","type-page","status-publish","has-post-thumbnail","hentry"],"acf":[],"yoast_head":"<!-- This site is optimized with the Yoast SEO plugin v27.2 - https:\/\/yoast.com\/product\/yoast-seo-wordpress\/ -->\n<title>Company - OSK Kiefer GmbH<\/title>\n<meta name=\"robots\" content=\"index, follow, max-snippet:-1, max-image-preview:large, max-video-preview:-1\" \/>\n<link rel=\"canonical\" href=\"https:\/\/osk-kiefer.de\/en\/company\/\" \/>\n<meta property=\"og:locale\" content=\"en_US\" \/>\n<meta property=\"og:type\" content=\"article\" \/>\n<meta property=\"og:title\" content=\"Company - OSK Kiefer GmbH\" \/>\n<meta property=\"og:description\" content=\"Chronik der Firma OSK-Kiefer GmbH Oberfl\u00e4chen- &amp; Strahltechnik OSK-Kiefer GmbH hat sich auf die Ausf\u00fchrung von Verfestigungsstrahlarbeiten (Shot Peening) im Lohnauftrag unter reproduzierbaren Bedingungen sowie auf alle weiteren Anwendungen in der Strahltechnik spezialisiert. Im Jahr 2009 wurde zus\u00e4tzlich am Standort Petershausen das Gleitschleifen in die Produktion integriert. Die Standorte sind rechtlich und wirtschaftlich selbst\u00e4ndig. Jeder [&hellip;]\" \/>\n<meta property=\"og:url\" content=\"https:\/\/osk-kiefer.de\/en\/company\/\" \/>\n<meta property=\"og:site_name\" content=\"OSK Kiefer GmbH\" \/>\n<meta property=\"article:modified_time\" content=\"2025-03-31T07:03:54+00:00\" \/>\n<meta property=\"og:image\" content=\"https:\/\/osk-kiefer.de\/wp-content\/uploads\/2025\/03\/Fotolia_47596378_Subscription_Yearly_XXL-1-scaled.jpg\" \/>\n\t<meta property=\"og:image:width\" content=\"2560\" \/>\n\t<meta property=\"og:image:height\" content=\"1599\" \/>\n\t<meta property=\"og:image:type\" content=\"image\/jpeg\" \/>\n<meta name=\"twitter:card\" content=\"summary_large_image\" \/>\n<meta name=\"twitter:label1\" content=\"Est. reading time\" \/>\n\t<meta name=\"twitter:data1\" content=\"1 minute\" \/>\n<script type=\"application\/ld+json\" class=\"yoast-schema-graph\">{\"@context\":\"https:\/\/schema.org\",\"@graph\":[{\"@type\":\"WebPage\",\"@id\":\"https:\/\/osk-kiefer.de\/en\/company\/\",\"url\":\"https:\/\/osk-kiefer.de\/en\/company\/\",\"name\":\"Company - OSK Kiefer GmbH\",\"isPartOf\":{\"@id\":\"https:\/\/osk-kiefer.de\/en\/#website\"},\"primaryImageOfPage\":{\"@id\":\"https:\/\/osk-kiefer.de\/en\/company\/#primaryimage\"},\"image\":{\"@id\":\"https:\/\/osk-kiefer.de\/en\/company\/#primaryimage\"},\"thumbnailUrl\":\"https:\/\/osk-kiefer.de\/wp-content\/uploads\/2025\/03\/Fotolia_47596378_Subscription_Yearly_XXL-1-scaled.jpg\",\"datePublished\":\"2014-06-05T13:31:31+00:00\",\"dateModified\":\"2025-03-31T07:03:54+00:00\",\"breadcrumb\":{\"@id\":\"https:\/\/osk-kiefer.de\/en\/company\/#breadcrumb\"},\"inLanguage\":\"en-US\",\"potentialAction\":[{\"@type\":\"ReadAction\",\"target\":[\"https:\/\/osk-kiefer.de\/en\/company\/\"]}]},{\"@type\":\"ImageObject\",\"inLanguage\":\"en-US\",\"@id\":\"https:\/\/osk-kiefer.de\/en\/company\/#primaryimage\",\"url\":\"https:\/\/osk-kiefer.de\/wp-content\/uploads\/2025\/03\/Fotolia_47596378_Subscription_Yearly_XXL-1-scaled.jpg\",\"contentUrl\":\"https:\/\/osk-kiefer.de\/wp-content\/uploads\/2025\/03\/Fotolia_47596378_Subscription_Yearly_XXL-1-scaled.jpg\",\"width\":2560,\"height\":1599},{\"@type\":\"BreadcrumbList\",\"@id\":\"https:\/\/osk-kiefer.de\/en\/company\/#breadcrumb\",\"itemListElement\":[{\"@type\":\"ListItem\",\"position\":1,\"name\":\"Home\",\"item\":\"https:\/\/osk-kiefer.de\/en\/\"},{\"@type\":\"ListItem\",\"position\":2,\"name\":\"Company\"}]},{\"@type\":\"WebSite\",\"@id\":\"https:\/\/osk-kiefer.de\/en\/#website\",\"url\":\"https:\/\/osk-kiefer.de\/en\/\",\"name\":\"OSK Kiefer GmbH\",\"description\":\"Oberfl\u00e4chen-und Strahltechnik\",\"publisher\":{\"@id\":\"https:\/\/osk-kiefer.de\/en\/#organization\"},\"potentialAction\":[{\"@type\":\"SearchAction\",\"target\":{\"@type\":\"EntryPoint\",\"urlTemplate\":\"https:\/\/osk-kiefer.de\/en\/?s={search_term_string}\"},\"query-input\":{\"@type\":\"PropertyValueSpecification\",\"valueRequired\":true,\"valueName\":\"search_term_string\"}}],\"inLanguage\":\"en-US\"},{\"@type\":\"Organization\",\"@id\":\"https:\/\/osk-kiefer.de\/en\/#organization\",\"name\":\"OSK Kiefer GmbH\",\"url\":\"https:\/\/osk-kiefer.de\/en\/\",\"logo\":{\"@type\":\"ImageObject\",\"inLanguage\":\"en-US\",\"@id\":\"https:\/\/osk-kiefer.de\/en\/#\/schema\/logo\/image\/\",\"url\":\"https:\/\/osk-kiefer.de\/wp-content\/uploads\/2023\/08\/Logo.svg\",\"contentUrl\":\"https:\/\/osk-kiefer.de\/wp-content\/uploads\/2023\/08\/Logo.svg\",\"width\":400,\"height\":79,\"caption\":\"OSK Kiefer GmbH\"},\"image\":{\"@id\":\"https:\/\/osk-kiefer.de\/en\/#\/schema\/logo\/image\/\"}}]}<\/script>\n<!-- \/ Yoast SEO plugin. -->","yoast_head_json":{"title":"Company - OSK Kiefer GmbH","robots":{"index":"index","follow":"follow","max-snippet":"max-snippet:-1","max-image-preview":"max-image-preview:large","max-video-preview":"max-video-preview:-1"},"canonical":"https:\/\/osk-kiefer.de\/en\/company\/","og_locale":"en_US","og_type":"article","og_title":"Company - OSK Kiefer GmbH","og_description":"Chronik der Firma OSK-Kiefer GmbH Oberfl\u00e4chen- &amp; Strahltechnik OSK-Kiefer GmbH hat sich auf die Ausf\u00fchrung von Verfestigungsstrahlarbeiten (Shot Peening) im Lohnauftrag unter reproduzierbaren Bedingungen sowie auf alle weiteren Anwendungen in der Strahltechnik spezialisiert. Im Jahr 2009 wurde zus\u00e4tzlich am Standort Petershausen das Gleitschleifen in die Produktion integriert. Die Standorte sind rechtlich und wirtschaftlich selbst\u00e4ndig. Jeder [&hellip;]","og_url":"https:\/\/osk-kiefer.de\/en\/company\/","og_site_name":"OSK Kiefer GmbH","article_modified_time":"2025-03-31T07:03:54+00:00","og_image":[{"width":2560,"height":1599,"url":"https:\/\/osk-kiefer.de\/wp-content\/uploads\/2025\/03\/Fotolia_47596378_Subscription_Yearly_XXL-1-scaled.jpg","type":"image\/jpeg"}],"twitter_card":"summary_large_image","twitter_misc":{"Est. reading time":"1 minute"},"schema":{"@context":"https:\/\/schema.org","@graph":[{"@type":"WebPage","@id":"https:\/\/osk-kiefer.de\/en\/company\/","url":"https:\/\/osk-kiefer.de\/en\/company\/","name":"Company - OSK Kiefer GmbH","isPartOf":{"@id":"https:\/\/osk-kiefer.de\/en\/#website"},"primaryImageOfPage":{"@id":"https:\/\/osk-kiefer.de\/en\/company\/#primaryimage"},"image":{"@id":"https:\/\/osk-kiefer.de\/en\/company\/#primaryimage"},"thumbnailUrl":"https:\/\/osk-kiefer.de\/wp-content\/uploads\/2025\/03\/Fotolia_47596378_Subscription_Yearly_XXL-1-scaled.jpg","datePublished":"2014-06-05T13:31:31+00:00","dateModified":"2025-03-31T07:03:54+00:00","breadcrumb":{"@id":"https:\/\/osk-kiefer.de\/en\/company\/#breadcrumb"},"inLanguage":"en-US","potentialAction":[{"@type":"ReadAction","target":["https:\/\/osk-kiefer.de\/en\/company\/"]}]},{"@type":"ImageObject","inLanguage":"en-US","@id":"https:\/\/osk-kiefer.de\/en\/company\/#primaryimage","url":"https:\/\/osk-kiefer.de\/wp-content\/uploads\/2025\/03\/Fotolia_47596378_Subscription_Yearly_XXL-1-scaled.jpg","contentUrl":"https:\/\/osk-kiefer.de\/wp-content\/uploads\/2025\/03\/Fotolia_47596378_Subscription_Yearly_XXL-1-scaled.jpg","width":2560,"height":1599},{"@type":"BreadcrumbList","@id":"https:\/\/osk-kiefer.de\/en\/company\/#breadcrumb","itemListElement":[{"@type":"ListItem","position":1,"name":"Home","item":"https:\/\/osk-kiefer.de\/en\/"},{"@type":"ListItem","position":2,"name":"Company"}]},{"@type":"WebSite","@id":"https:\/\/osk-kiefer.de\/en\/#website","url":"https:\/\/osk-kiefer.de\/en\/","name":"OSK Kiefer GmbH","description":"Oberfl\u00e4chen-und Strahltechnik","publisher":{"@id":"https:\/\/osk-kiefer.de\/en\/#organization"},"potentialAction":[{"@type":"SearchAction","target":{"@type":"EntryPoint","urlTemplate":"https:\/\/osk-kiefer.de\/en\/?s={search_term_string}"},"query-input":{"@type":"PropertyValueSpecification","valueRequired":true,"valueName":"search_term_string"}}],"inLanguage":"en-US"},{"@type":"Organization","@id":"https:\/\/osk-kiefer.de\/en\/#organization","name":"OSK Kiefer GmbH","url":"https:\/\/osk-kiefer.de\/en\/","logo":{"@type":"ImageObject","inLanguage":"en-US","@id":"https:\/\/osk-kiefer.de\/en\/#\/schema\/logo\/image\/","url":"https:\/\/osk-kiefer.de\/wp-content\/uploads\/2023\/08\/Logo.svg","contentUrl":"https:\/\/osk-kiefer.de\/wp-content\/uploads\/2023\/08\/Logo.svg","width":400,"height":79,"caption":"OSK Kiefer GmbH"},"image":{"@id":"https:\/\/osk-kiefer.de\/en\/#\/schema\/logo\/image\/"}}]}},"_links":{"self":[{"href":"https:\/\/osk-kiefer.de\/en\/wp-json\/wp\/v2\/pages\/17293","targetHints":{"allow":["GET"]}}],"collection":[{"href":"https:\/\/osk-kiefer.de\/en\/wp-json\/wp\/v2\/pages"}],"about":[{"href":"https:\/\/osk-kiefer.de\/en\/wp-json\/wp\/v2\/types\/page"}],"author":[{"embeddable":true,"href":"https:\/\/osk-kiefer.de\/en\/wp-json\/wp\/v2\/users\/2"}],"replies":[{"embeddable":true,"href":"https:\/\/osk-kiefer.de\/en\/wp-json\/wp\/v2\/comments?post=17293"}],"version-history":[{"count":1,"href":"https:\/\/osk-kiefer.de\/en\/wp-json\/wp\/v2\/pages\/17293\/revisions"}],"predecessor-version":[{"id":17294,"href":"https:\/\/osk-kiefer.de\/en\/wp-json\/wp\/v2\/pages\/17293\/revisions\/17294"}],"wp:featuredmedia":[{"embeddable":true,"href":"https:\/\/osk-kiefer.de\/en\/wp-json\/wp\/v2\/media\/16523"}],"wp:attachment":[{"href":"https:\/\/osk-kiefer.de\/en\/wp-json\/wp\/v2\/media?parent=17293"}],"curies":[{"name":"wp","href":"https:\/\/api.w.org\/{rel}","templated":true}]}}