{"id":17547,"date":"2014-06-05T15:32:34","date_gmt":"2014-06-05T13:32:34","guid":{"rendered":"https:\/\/osk-kiefer.de\/imprint\/"},"modified":"2026-03-13T07:31:53","modified_gmt":"2026-03-13T05:31:53","slug":"imprint","status":"publish","type":"page","link":"https:\/\/osk-kiefer.de\/en\/imprint\/","title":{"rendered":"Imprint"},"content":{"rendered":"\t\t<div data-elementor-type=\"wp-page\" data-elementor-id=\"17547\" class=\"elementor elementor-17547 elementor-14822\" data-elementor-post-type=\"page\">\n\t\t\t\t<div class=\"elementor-element elementor-element-6ed1740 e-flex e-con-boxed e-con e-parent\" data-id=\"6ed1740\" data-element_type=\"container\" data-e-type=\"container\">\n\t\t\t\t\t<div class=\"e-con-inner\">\n\t\t\t\t<div class=\"elementor-element elementor-element-58785f3b elementor-widget elementor-widget-text-editor\" data-id=\"58785f3b\" data-element_type=\"widget\" data-e-type=\"widget\" data-widget_type=\"text-editor.default\">\n\t\t\t\t\t\t\t\t\t<h1>Imprint<\/h1><p>OSK-Kiefer GmbH Oberfl\u00e4chen- &amp; Strahltechnik<br \/>G\u00f6ppertshausen 5-6<br \/>Geb\u00e4ude 44<br \/>85238 Petershausen<\/p><p>Commercial Register: AMS-116449<br \/>Registration court: Amtsgericht M\u00fcnchen<\/p><p><strong>Represented by:<\/strong><br \/>Thomas Schie\u00df<\/p><h2>Contact<\/h2><p>Phone: 08137 9316-10<br \/>E-mail: osk-petershausen@osk-kiefer.com<\/p><h2>VAT ID<\/h2><p>Sales tax identification number according to Sect. 27 a of the Sales Tax Law:<br \/>Ust-ID: DE187658662<\/p><h2>Person responsible for editorial<\/h2><p>Thomas Schie\u00df<\/p><h2>Dispute resolution proceedings in front of a consumer arbitration board<\/h2><p>We are not willing or obliged to participate in dispute resolution proceedings in front of a consumer arbitration board.<\/p><h2>Sources of the images and graphics used:<\/h2><p>\u00a9 by OSK-Kiefer GmbH<br \/><a href=\"https:\/\/web.archive.org\/web\/20240301173818\/http:\/\/de.fotolia.com\/\" target=\"_blank\" rel=\"noopener\">\u00a9 Engine Images \u2013 Fotolia.com<\/a><br \/><a href=\"https:\/\/web.archive.org\/web\/20240301173818\/http:\/\/de.fotolia.com\/\" target=\"_blank\" rel=\"noopener\">\u00a9 styleuneed \u2013 Fotolia.com<\/a><br \/><a href=\"https:\/\/web.archive.org\/web\/20240301173818\/http:\/\/de.fotolia.com\/\" target=\"_blank\" rel=\"noopener\">\u00a9 Alexandr Mitiuc \u2013 Fotolia.com<\/a><br \/><a href=\"https:\/\/web.archive.org\/web\/20240301173818\/http:\/\/de.fotolia.com\/\" target=\"_blank\" rel=\"noopener\">\u00a9 industrieblick \u2013 Fotolia.com<\/a><br \/><a href=\"https:\/\/web.archive.org\/web\/20240301173818\/http:\/\/de.fotolia.com\/\" target=\"_blank\" rel=\"noopener\">\u00a9 Mathier \u2013 Fotolia.com<\/a><br \/><a href=\"https:\/\/web.archive.org\/web\/20240301173818\/http:\/\/de.fotolia.com\/\" target=\"_blank\" rel=\"noopener\">\u00a9 fotomek \u2013 Fotolia.com<\/a><br \/><a href=\"https:\/\/web.archive.org\/web\/20240301173818\/http:\/\/de.fotolia.com\/\" target=\"_blank\" rel=\"noopener\">\u00a9 braverabbit \u2013 Fotolia.com<\/a><br \/><a href=\"https:\/\/web.archive.org\/web\/20240301173818\/http:\/\/de.fotolia.com\/\" target=\"_blank\" rel=\"noopener\">\u00a9 christian42 \u2013 Fotolia.com<\/a><br \/><a href=\"https:\/\/web.archive.org\/web\/20240301173818\/http:\/\/de.fotolia.com\/\" target=\"_blank\" rel=\"noopener\">\u00a9 lassedesignen \u2013 Fotolia.com<\/a><br \/><a href=\"https:\/\/web.archive.org\/web\/20240301173818\/http:\/\/de.fotolia.com\/\" target=\"_blank\" rel=\"noopener\">\u00a9 Kurt Kleemann \u2013 Fotolia.com<\/a><\/p>\t\t\t\t\t\t\t\t<\/div>\n\t\t\t\t\t<\/div>\n\t\t\t\t<\/div>\n\t\t\t\t<\/div>\n\t\t","protected":false},"excerpt":{"rendered":"<p>Imprint OSK-Kiefer GmbH Oberfl\u00e4chen- &amp; StrahltechnikG\u00f6ppertshausen 5-6Geb\u00e4ude 4485238 Petershausen Commercial Register: AMS-116449Registration court: Amtsgericht M\u00fcnchen Represented by:Thomas Schie\u00df Contact Phone: 08137 9316-10E-mail: osk-petershausen@osk-kiefer.com VAT ID Sales tax identification number according to Sect. 27 a of the Sales Tax Law:Ust-ID: DE187658662 Person responsible for editorial Thomas Schie\u00df Dispute resolution proceedings in front of a consumer arbitration [&hellip;]<\/p>\n","protected":false},"author":2,"featured_media":16523,"parent":0,"menu_order":68,"comment_status":"closed","ping_status":"closed","template":"","meta":{"_acf_changed":false,"footnotes":""},"class_list":["post-17547","page","type-page","status-publish","has-post-thumbnail","hentry"],"acf":[],"yoast_head":"<!-- This site is optimized with the Yoast SEO plugin v27.2 - https:\/\/yoast.com\/product\/yoast-seo-wordpress\/ -->\n<title>Imprint - OSK Kiefer GmbH<\/title>\n<meta name=\"robots\" content=\"noindex, nofollow\" \/>\n<meta property=\"og:locale\" content=\"en_US\" \/>\n<meta property=\"og:type\" content=\"article\" \/>\n<meta property=\"og:title\" content=\"Imprint - OSK Kiefer GmbH\" \/>\n<meta property=\"og:description\" content=\"Imprint OSK-Kiefer GmbH Oberfl\u00e4chen- &amp; StrahltechnikG\u00f6ppertshausen 5-6Geb\u00e4ude 4485238 Petershausen Commercial Register: AMS-116449Registration court: Amtsgericht M\u00fcnchen Represented by:Thomas Schie\u00df Contact Phone: 08137 9316-10E-mail: osk-petershausen@osk-kiefer.com VAT ID Sales tax identification number according to Sect. 27 a of the Sales Tax Law:Ust-ID: DE187658662 Person responsible for editorial Thomas Schie\u00df Dispute resolution proceedings in front of a consumer arbitration [&hellip;]\" \/>\n<meta property=\"og:url\" content=\"https:\/\/osk-kiefer.de\/en\/imprint\/\" \/>\n<meta property=\"og:site_name\" content=\"OSK Kiefer GmbH\" \/>\n<meta property=\"article:modified_time\" content=\"2026-03-13T05:31:53+00:00\" \/>\n<meta property=\"og:image\" content=\"https:\/\/osk-kiefer.de\/wp-content\/uploads\/2025\/03\/Fotolia_47596378_Subscription_Yearly_XXL-1-scaled.jpg\" \/>\n\t<meta property=\"og:image:width\" content=\"2560\" \/>\n\t<meta property=\"og:image:height\" content=\"1599\" \/>\n\t<meta property=\"og:image:type\" content=\"image\/jpeg\" \/>\n<meta name=\"twitter:card\" content=\"summary_large_image\" \/>\n<meta name=\"twitter:label1\" content=\"Est. reading time\" \/>\n\t<meta name=\"twitter:data1\" content=\"1 minute\" \/>\n<script type=\"application\/ld+json\" class=\"yoast-schema-graph\">{\"@context\":\"https:\/\/schema.org\",\"@graph\":[{\"@type\":\"WebPage\",\"@id\":\"https:\/\/osk-kiefer.de\/en\/imprint\/\",\"url\":\"https:\/\/osk-kiefer.de\/en\/imprint\/\",\"name\":\"Imprint - OSK Kiefer GmbH\",\"isPartOf\":{\"@id\":\"https:\/\/osk-kiefer.de\/en\/#website\"},\"primaryImageOfPage\":{\"@id\":\"https:\/\/osk-kiefer.de\/en\/imprint\/#primaryimage\"},\"image\":{\"@id\":\"https:\/\/osk-kiefer.de\/en\/imprint\/#primaryimage\"},\"thumbnailUrl\":\"https:\/\/osk-kiefer.de\/wp-content\/uploads\/2025\/03\/Fotolia_47596378_Subscription_Yearly_XXL-1-scaled.jpg\",\"datePublished\":\"2014-06-05T13:32:34+00:00\",\"dateModified\":\"2026-03-13T05:31:53+00:00\",\"breadcrumb\":{\"@id\":\"https:\/\/osk-kiefer.de\/en\/imprint\/#breadcrumb\"},\"inLanguage\":\"en-US\",\"potentialAction\":[{\"@type\":\"ReadAction\",\"target\":[\"https:\/\/osk-kiefer.de\/en\/imprint\/\"]}]},{\"@type\":\"ImageObject\",\"inLanguage\":\"en-US\",\"@id\":\"https:\/\/osk-kiefer.de\/en\/imprint\/#primaryimage\",\"url\":\"https:\/\/osk-kiefer.de\/wp-content\/uploads\/2025\/03\/Fotolia_47596378_Subscription_Yearly_XXL-1-scaled.jpg\",\"contentUrl\":\"https:\/\/osk-kiefer.de\/wp-content\/uploads\/2025\/03\/Fotolia_47596378_Subscription_Yearly_XXL-1-scaled.jpg\",\"width\":2560,\"height\":1599},{\"@type\":\"BreadcrumbList\",\"@id\":\"https:\/\/osk-kiefer.de\/en\/imprint\/#breadcrumb\",\"itemListElement\":[{\"@type\":\"ListItem\",\"position\":1,\"name\":\"Home\",\"item\":\"https:\/\/osk-kiefer.de\/en\/\"},{\"@type\":\"ListItem\",\"position\":2,\"name\":\"Imprint\"}]},{\"@type\":\"WebSite\",\"@id\":\"https:\/\/osk-kiefer.de\/en\/#website\",\"url\":\"https:\/\/osk-kiefer.de\/en\/\",\"name\":\"OSK Kiefer GmbH\",\"description\":\"Oberfl\u00e4chen-und Strahltechnik\",\"publisher\":{\"@id\":\"https:\/\/osk-kiefer.de\/en\/#organization\"},\"potentialAction\":[{\"@type\":\"SearchAction\",\"target\":{\"@type\":\"EntryPoint\",\"urlTemplate\":\"https:\/\/osk-kiefer.de\/en\/?s={search_term_string}\"},\"query-input\":{\"@type\":\"PropertyValueSpecification\",\"valueRequired\":true,\"valueName\":\"search_term_string\"}}],\"inLanguage\":\"en-US\"},{\"@type\":\"Organization\",\"@id\":\"https:\/\/osk-kiefer.de\/en\/#organization\",\"name\":\"OSK Kiefer GmbH\",\"url\":\"https:\/\/osk-kiefer.de\/en\/\",\"logo\":{\"@type\":\"ImageObject\",\"inLanguage\":\"en-US\",\"@id\":\"https:\/\/osk-kiefer.de\/en\/#\/schema\/logo\/image\/\",\"url\":\"https:\/\/osk-kiefer.de\/wp-content\/uploads\/2023\/08\/Logo.svg\",\"contentUrl\":\"https:\/\/osk-kiefer.de\/wp-content\/uploads\/2023\/08\/Logo.svg\",\"width\":400,\"height\":79,\"caption\":\"OSK Kiefer GmbH\"},\"image\":{\"@id\":\"https:\/\/osk-kiefer.de\/en\/#\/schema\/logo\/image\/\"}}]}<\/script>\n<!-- \/ Yoast SEO plugin. -->","yoast_head_json":{"title":"Imprint - OSK Kiefer GmbH","robots":{"index":"noindex","follow":"nofollow"},"og_locale":"en_US","og_type":"article","og_title":"Imprint - OSK Kiefer GmbH","og_description":"Imprint OSK-Kiefer GmbH Oberfl\u00e4chen- &amp; StrahltechnikG\u00f6ppertshausen 5-6Geb\u00e4ude 4485238 Petershausen Commercial Register: AMS-116449Registration court: Amtsgericht M\u00fcnchen Represented by:Thomas Schie\u00df Contact Phone: 08137 9316-10E-mail: osk-petershausen@osk-kiefer.com VAT ID Sales tax identification number according to Sect. 27 a of the Sales Tax Law:Ust-ID: DE187658662 Person responsible for editorial Thomas Schie\u00df Dispute resolution proceedings in front of a consumer arbitration [&hellip;]","og_url":"https:\/\/osk-kiefer.de\/en\/imprint\/","og_site_name":"OSK Kiefer GmbH","article_modified_time":"2026-03-13T05:31:53+00:00","og_image":[{"width":2560,"height":1599,"url":"https:\/\/osk-kiefer.de\/wp-content\/uploads\/2025\/03\/Fotolia_47596378_Subscription_Yearly_XXL-1-scaled.jpg","type":"image\/jpeg"}],"twitter_card":"summary_large_image","twitter_misc":{"Est. reading time":"1 minute"},"schema":{"@context":"https:\/\/schema.org","@graph":[{"@type":"WebPage","@id":"https:\/\/osk-kiefer.de\/en\/imprint\/","url":"https:\/\/osk-kiefer.de\/en\/imprint\/","name":"Imprint - OSK Kiefer GmbH","isPartOf":{"@id":"https:\/\/osk-kiefer.de\/en\/#website"},"primaryImageOfPage":{"@id":"https:\/\/osk-kiefer.de\/en\/imprint\/#primaryimage"},"image":{"@id":"https:\/\/osk-kiefer.de\/en\/imprint\/#primaryimage"},"thumbnailUrl":"https:\/\/osk-kiefer.de\/wp-content\/uploads\/2025\/03\/Fotolia_47596378_Subscription_Yearly_XXL-1-scaled.jpg","datePublished":"2014-06-05T13:32:34+00:00","dateModified":"2026-03-13T05:31:53+00:00","breadcrumb":{"@id":"https:\/\/osk-kiefer.de\/en\/imprint\/#breadcrumb"},"inLanguage":"en-US","potentialAction":[{"@type":"ReadAction","target":["https:\/\/osk-kiefer.de\/en\/imprint\/"]}]},{"@type":"ImageObject","inLanguage":"en-US","@id":"https:\/\/osk-kiefer.de\/en\/imprint\/#primaryimage","url":"https:\/\/osk-kiefer.de\/wp-content\/uploads\/2025\/03\/Fotolia_47596378_Subscription_Yearly_XXL-1-scaled.jpg","contentUrl":"https:\/\/osk-kiefer.de\/wp-content\/uploads\/2025\/03\/Fotolia_47596378_Subscription_Yearly_XXL-1-scaled.jpg","width":2560,"height":1599},{"@type":"BreadcrumbList","@id":"https:\/\/osk-kiefer.de\/en\/imprint\/#breadcrumb","itemListElement":[{"@type":"ListItem","position":1,"name":"Home","item":"https:\/\/osk-kiefer.de\/en\/"},{"@type":"ListItem","position":2,"name":"Imprint"}]},{"@type":"WebSite","@id":"https:\/\/osk-kiefer.de\/en\/#website","url":"https:\/\/osk-kiefer.de\/en\/","name":"OSK Kiefer GmbH","description":"Oberfl\u00e4chen-und Strahltechnik","publisher":{"@id":"https:\/\/osk-kiefer.de\/en\/#organization"},"potentialAction":[{"@type":"SearchAction","target":{"@type":"EntryPoint","urlTemplate":"https:\/\/osk-kiefer.de\/en\/?s={search_term_string}"},"query-input":{"@type":"PropertyValueSpecification","valueRequired":true,"valueName":"search_term_string"}}],"inLanguage":"en-US"},{"@type":"Organization","@id":"https:\/\/osk-kiefer.de\/en\/#organization","name":"OSK Kiefer GmbH","url":"https:\/\/osk-kiefer.de\/en\/","logo":{"@type":"ImageObject","inLanguage":"en-US","@id":"https:\/\/osk-kiefer.de\/en\/#\/schema\/logo\/image\/","url":"https:\/\/osk-kiefer.de\/wp-content\/uploads\/2023\/08\/Logo.svg","contentUrl":"https:\/\/osk-kiefer.de\/wp-content\/uploads\/2023\/08\/Logo.svg","width":400,"height":79,"caption":"OSK Kiefer GmbH"},"image":{"@id":"https:\/\/osk-kiefer.de\/en\/#\/schema\/logo\/image\/"}}]}},"_links":{"self":[{"href":"https:\/\/osk-kiefer.de\/en\/wp-json\/wp\/v2\/pages\/17547","targetHints":{"allow":["GET"]}}],"collection":[{"href":"https:\/\/osk-kiefer.de\/en\/wp-json\/wp\/v2\/pages"}],"about":[{"href":"https:\/\/osk-kiefer.de\/en\/wp-json\/wp\/v2\/types\/page"}],"author":[{"embeddable":true,"href":"https:\/\/osk-kiefer.de\/en\/wp-json\/wp\/v2\/users\/2"}],"replies":[{"embeddable":true,"href":"https:\/\/osk-kiefer.de\/en\/wp-json\/wp\/v2\/comments?post=17547"}],"version-history":[{"count":15,"href":"https:\/\/osk-kiefer.de\/en\/wp-json\/wp\/v2\/pages\/17547\/revisions"}],"predecessor-version":[{"id":18559,"href":"https:\/\/osk-kiefer.de\/en\/wp-json\/wp\/v2\/pages\/17547\/revisions\/18559"}],"wp:featuredmedia":[{"embeddable":true,"href":"https:\/\/osk-kiefer.de\/en\/wp-json\/wp\/v2\/media\/16523"}],"wp:attachment":[{"href":"https:\/\/osk-kiefer.de\/en\/wp-json\/wp\/v2\/media?parent=17547"}],"curies":[{"name":"wp","href":"https:\/\/api.w.org\/{rel}","templated":true}]}}